{"id":62,"date":"2019-01-09T03:20:18","date_gmt":"2019-01-09T03:20:18","guid":{"rendered":"https:\/\/smartlabs.com.tr\/index.php\/home\/"},"modified":"2025-08-02T13:25:04","modified_gmt":"2025-08-02T13:25:04","slug":"home","status":"publish","type":"page","link":"https:\/\/smartlabs.com.tr\/","title":{"rendered":"Home"},"content":{"rendered":"<!--themify_builder_content-->\n<div id=\"themify_builder_content-62\" data-postid=\"62\" class=\"themify_builder_content themify_builder_content-62 themify_builder tf_clear\">\n                    <div  data-anchor=\"home\" data-css_id=\"95aa6ba\" data-lazy=\"1\" class=\"module_row themify_builder_row fullheight fullwidth tb_has_section tb_section-home tb_95aa6ba tb_first tf_w\">\n                        <div class=\"row_inner col_align_middle gutter-none tb_col_count_5 tf_box tf_rel\">\n                        <div  data-lazy=\"1\" class=\"module_column tb-column col5-1 tb_ba46355 first\">\n        <span  class=\"builder_row_cover tf_abs\" data-lazy=\"1\"><\/span>            <!-- module text -->\n<div  class=\"module module-text tb_45c05a1  repeat \" data-lazy=\"1\">\n        <div  class=\"tb_text_wrap\">\n        <h6>Event Development<br><a href=\"https:\/\/infinityfx.design\">InfinityFX Design<\/a><\/h6>    <\/div>\n<\/div>\n<!-- \/module text -->        <\/div>\n                    <div  data-lazy=\"1\" class=\"module_column tb-column col5-1 tb_a8f85b0\">\n        <span  class=\"builder_row_cover tf_abs\" data-lazy=\"1\"><\/span>            <!-- module text -->\n<div  class=\"module module-text tb_n0u5689  repeat \" data-lazy=\"1\">\n        <div  class=\"tb_text_wrap\">\n        <h6>Media Softwares<br><a href=\"https:\/\/www.medyapin.com\">Medyapin.com<\/a><\/h6>    <\/div>\n<\/div>\n<!-- \/module text -->        <\/div>\n                    <div  data-lazy=\"1\" class=\"module_column tb-column col5-1 tb_8629e52\">\n        <span  class=\"builder_row_cover tf_abs\" data-lazy=\"1\"><\/span>            <!-- module box -->\n<div  class=\"module module-box tb_4qm5640 \" data-lazy=\"1\">\n    <div class=\"module-box-content ui  tb_default_color\">\n                <div class=\"tb_text_wrap\"><\/div>\n    <\/div>\n<\/div>\n<!-- \/module box -->\n<!-- module text -->\n<div  class=\"module module-text tb_5hdf690  repeat \" data-lazy=\"1\">\n        <div  class=\"tb_text_wrap\">\n        <h6>Product \u00a0R&amp;D<br><a href=\"https:\/\/smartlabs.com.tr\">Smartlabs Tech<\/a><\/h6>    <\/div>\n<\/div>\n<!-- \/module text -->        <div  data-lazy=\"1\" class=\"module_subrow themify_builder_sub_row tf_w col_align_middle tb_col_count_1 tb_0a75826\">\n                <div  data-lazy=\"1\" class=\"module_column sub_column col-full tb_1ok0826 first\">\n                    <!-- module image -->\n<div  class=\"module module-image tb_lyws732 image-top   tf_mw\" data-lazy=\"1\">\n        <div class=\"image-wrap tf_rel tf_mw\">\n            <img loading=\"lazy\" decoding=\"async\" src=\"https:\/\/smartlabs.com.tr\/wp-content\/uploads\/2025\/08\/SOE-2-150x176.png\" width=\"150\" height=\"176\" class=\"wp-post-image wp-image-174\" title=\"SOE-2\" alt=\"SOE-2\" srcset=\"https:\/\/smartlabs.com.tr\/wp-content\/uploads\/2025\/08\/SOE-2-150x176.png 150w, https:\/\/smartlabs.com.tr\/wp-content\/uploads\/2025\/08\/SOE-2-254x300.png 254w, https:\/\/smartlabs.com.tr\/wp-content\/uploads\/2025\/08\/SOE-2.png 480w\" sizes=\"auto, (max-width: 150px) 100vw, 150px\" \/>    \n        <\/div>\n    <!-- \/image-wrap -->\n    \n        <\/div>\n<!-- \/module image -->        <\/div>\n                    <\/div>\n                <\/div>\n                    <div  data-lazy=\"1\" class=\"module_column tb-column col5-1 tb_12e11e7\">\n        <span  class=\"builder_row_cover tf_abs\" data-lazy=\"1\"><\/span>            <!-- module text -->\n<div  class=\"module module-text tb_vwvt690  repeat \" data-lazy=\"1\">\n        <div  class=\"tb_text_wrap\">\n        <h6>OMNI Channel Ads<br><a href=\"https:\/\/adlobi.com\">Adlobi.com<\/a><\/h6>    <\/div>\n<\/div>\n<!-- \/module text -->        <\/div>\n                    <div  data-lazy=\"1\" class=\"module_column tb-column col5-1 tb_55292b8 last\">\n        <span  class=\"builder_row_cover tf_abs\" data-lazy=\"1\"><\/span>            <!-- module text -->\n<div  class=\"module module-text tb_lsy6690  repeat \" data-lazy=\"1\">\n        <div  class=\"tb_text_wrap\">\n        <h6>IT Operations<br><a href=\"https:\/\/panelmecra.com\">Panelmecra.com<\/a><\/h6>    <\/div>\n<\/div>\n<!-- \/module text -->        <\/div>\n                        <\/div>\n        <\/div>\n                        <div  data-anchor=\"welcome\" data-css_id=\"48cec81\" id=\"about\" data-lazy=\"1\" class=\"module_row themify_builder_row fullheight fullwidth tb_has_section tb_section-welcome tb_48cec81 tf_w\">\n                        <div class=\"row_inner col_align_middle gutter-none tb_col_count_2 tf_box tf_rel\">\n                        <div  data-lazy=\"1\" class=\"module_column tb-column col4-2 tb_d929eda first\">\n                    <!-- module text -->\n<div  class=\"module module-text tb_6d0516d  repeat \" data-lazy=\"1\">\n        <div  class=\"tb_text_wrap\">\n        <h3>Welcome to Smartlabs Media Tech<\/h3>\n<p>Your Future in Media and Interactive Technology<\/p>\n<p>At <strong>Smartlabs Medya Teknolojileri A\u015e<\/strong>, we are passionate about blending art with cutting-edge technology to redefine the limits of interactive spaces and media infrastructure. From immersive museum exhibits and futuristic digital signage to dynamic stage lighting, sound, and visual systems, we empower creativity with precision and innovation.<\/p>\n<p>Our mission is to craft tailored technological solutions that enhance both the aesthetic and functional aspects of your projects. Whether you are designing large-scale architectural works or creating intimate interactive spaces, our expert R&amp;D team is dedicated to researching and developing the most advanced media technologies to bring your vision to life.<\/p>\n<p>From concept to reality, Smartlabs integrates state-of-the-art engineering with futurist designs. We believe in the seamless fusion of technology with architecture, ensuring that our sound, light, and video systems not only perform flawlessly but also inspire awe. Collaborating with businesses and institutions, we transform spaces into interactive, engaging environments where technology and art intersect.<\/p>\n<p>Let us be your partner in building a future where imagination meets innovation.<\/p>    <\/div>\n<\/div>\n<!-- \/module text -->        <\/div>\n                    <div  data-lazy=\"1\" class=\"module_column tb-column col4-2 tb_02da060 last\">\n                            <\/div>\n                        <\/div>\n        <\/div>\n                        <div  data-anchor=\"contact\" data-css_id=\"28401f3\" data-lazy=\"1\" class=\"module_row themify_builder_row fullheight fullwidth tb_has_section tb_section-contact tb_28401f3 tf_w\">\n                        <div class=\"row_inner col_align_middle gutter-none tb_col_count_2 tf_box tf_rel\">\n                        <div  data-lazy=\"1\" class=\"module_column tb-column col4-2 tb_918d5ed first\">\n                    <!-- module text -->\n<div  class=\"module module-text tb_ocu1694  repeat \" data-lazy=\"1\">\n        <div  class=\"tb_text_wrap\">\n        <h3>Contact<\/h3>\n<p>We\u2019re here to help you bring your vision to life with the latest in media technology and interactive solutions. Reach out to us to discuss how we can collaborate on your next project.<\/p>\n<p><strong>Smartlabs Medya Teknolojileri A\u015e<\/strong><br>Re\u015fitpa\u015fa Mahallesi, Denizbank Sitesi Sokak No: 20<br>Sar\u0131yer, \u0130stanbul, Turkey<\/p>\n<p><strong>Email:<\/strong> <a rel=\"noopener\">info@smartlabs.com.tr<\/a><br><strong>Phone:<\/strong> +90 212 803 2626<\/p>    <\/div>\n<\/div>\n<!-- \/module text --><!-- module contact -->\n<div  id=\"tb_d2b474c\" class=\"module module-contact tb_d2b474c contact-animated-label \" data-lazy=\"1\">\n    \n\t<form class=\"builder-contact\"\n\t\tid=\"tb_d2b474c-form\"\n\t\tmethod=\"post\"\n\t\tdata-post-id=\"62\"\n\t\tdata-element-id=\"d2b474c\"\n\t\tdata-orig-id=\"62\"\n\t>\n    <div class=\"contact-message\"><\/div>\n\t<div class=\"builder-contact-fields tf_rel\">\n\t\t    \t\t    <div class=\"builder-contact-field builder-contact-field-name builder-contact-text-field\">\n\t\t\t    <label class=\"control-label\" for=\"tb_d2b474c-contact-name\">\n\t\t\t\t\t\t\t\t\t\t<span class=\"tb-label-span\">Your Name <\/span>\t\t\t\t<\/label>\n\t\t\t    <div class=\"control-input tf_rel\">\n\t\t\t\t    \t\t\t\t\t    <input type=\"text\" name=\"contact-name\" placeholder=\" \" id=\"tb_d2b474c-contact-name\" value=\"\" class=\"form-control\" >\n\t\t\t\t    \t\t\t\t    \t\t\t\t\t    <span class=\"tb_contact_label\">\n\t\t\t\t\t\t    <span class=\"tb-label-span\">Your Name <\/span>\t\t\t\t\t    <\/span>\n\t\t\t\t    \t\t\t    <\/div>\n\t\t<\/div>\n\t    \n\t\t    \t\t    <div class=\"builder-contact-field builder-contact-field-email builder-contact-text-field\">\n\t\t\t    <label class=\"control-label\" for=\"tb_d2b474c-contact-email\">\n\t\t\t\t\t\t\t\t\t\t<span class=\"tb-label-span\">Your Email <\/span>\t\t\t\t<\/label>\n\t\t\t    <div class=\"control-input tf_rel\">\n\t\t\t\t    \t\t\t\t\t    <input type=\"email\" name=\"contact-email\" placeholder=\" \" id=\"tb_d2b474c-contact-email\" value=\"\" class=\"form-control\" >\n\t\t\t\t    \t\t\t\t    \t\t\t\t\t    <span class=\"tb_contact_label\">\n\t\t\t\t\t\t    <span class=\"tb-label-span\">Your Email <\/span>\t\t\t\t\t    <\/span>\n\t\t\t\t    \t\t\t    <\/div>\n\t\t<\/div>\n\t    \n\t\t    \t\t    <div class=\"builder-contact-field builder-contact-field-subject builder-contact-text-field\">\n\t\t\t    <label class=\"control-label\" for=\"tb_d2b474c-contact-subject\">\n\t\t\t\t\t\t\t\t\t\t<span class=\"tb-label-span\">Subject <\/span><span class=\"required\">*<\/span>\t\t\t\t<\/label>\n\t\t\t    <div class=\"control-input tf_rel\">\n\t\t\t\t    \t\t\t\t\t    <input type=\"text\" name=\"contact-subject\" placeholder=\" \" id=\"tb_d2b474c-contact-subject\" value=\"\" class=\"form-control\" required>\n\t\t\t\t    \t\t\t\t    \t\t\t\t\t    <span class=\"tb_contact_label\">\n\t\t\t\t\t\t    <span class=\"tb-label-span\">Subject <\/span><span class=\"required\">*<\/span>\t\t\t\t\t    <\/span>\n\t\t\t\t    \t\t\t    <\/div>\n\t\t<\/div>\n\t    \n\t\t    \t\t    <div class=\"builder-contact-field builder-contact-field-message builder-contact-textarea-field\">\n\t\t\t    <label class=\"control-label\" for=\"tb_d2b474c-contact-message\">\n\t\t\t\t\t\t\t\t\t\t<span class=\"tb-label-span\">Message <\/span>\t\t\t\t<\/label>\n\t\t\t    <div class=\"control-input tf_rel\">\n\t\t\t\t    \t\t\t\t\t    <textarea name=\"contact-message\" placeholder=\" \" id=\"tb_d2b474c-contact-message\" class=\"form-control\"><\/textarea>\n\t\t\t\t    \t\t\t\t    \t\t\t\t\t    <span class=\"tb_contact_label\">\n\t\t\t\t\t\t    <span class=\"tb-label-span\">Message <\/span>\t\t\t\t\t    <\/span>\n\t\t\t\t    \t\t\t    <\/div>\n\t\t<\/div>\n\t    \n\t\t    \t\t\n\t\t\n\t    \n\t    <div class=\"builder-contact-field builder-contact-field-send control-input tf_textl tf_clear tf_rel\">\n\t\t\t<button type=\"submit\" class=\"btn btn-primary\">\n\t\t\t\t<span class=\"tf_loader\"><\/span>\t\t\t\t<span class=\"tf_submit_icon\"><\/span> \n\t\t\t\tSend\t\t\t<\/button>\n\t    <\/div>\n\t<\/div>\n    <\/form>\n    <\/div>\n<!-- \/module contact -->\n        <\/div>\n                    <div  data-lazy=\"1\" class=\"module_column tb-column col4-2 tb_d50c1c8 last\">\n                            <\/div>\n                        <\/div>\n        <\/div>\n        <\/div>\n<!--\/themify_builder_content-->","protected":false},"excerpt":{"rendered":"<p>Event DevelopmentInfinityFX Design Media SoftwaresMedyapin.com Product \u00a0R&amp;DSmartlabs Tech OMNI Channel AdsAdlobi.com IT OperationsPanelmecra.com Welcome to Smartlabs Media Tech Your Future in Media and Interactive Technology At Smartlabs Medya Teknolojileri A\u015e, we are passionate about blending art with cutting-edge technology to redefine the limits of interactive spaces and media infrastructure. From immersive museum exhibits and futuristic [&hellip;]<\/p>\n","protected":false},"author":1,"featured_media":0,"parent":0,"menu_order":0,"comment_status":"closed","ping_status":"closed","template":"","meta":{"footnotes":""},"class_list":["post-62","page","type-page","status-publish","hentry","has-post-title","has-post-date","has-post-category","has-post-tag","has-post-comment","has-post-author",""],"builder_content":"<h6>Event Development<br><a href=\"https:\/\/infinityfx.design\">InfinityFX Design<\/a><\/h6>\n<h6>Media Softwares<br><a href=\"https:\/\/www.medyapin.com\">Medyapin.com<\/a><\/h6>\n\n<h6>Product \u00a0R&amp;D<br><a href=\"https:\/\/smartlabs.com.tr\">Smartlabs Tech<\/a><\/h6>\n<img src=\"https:\/\/smartlabs.com.tr\/wp-content\/uploads\/2025\/08\/SOE-2-150x176.png\" width=\"150\" height=\"176\" title=\"SOE-2\" alt=\"SOE-2\" srcset=\"https:\/\/smartlabs.com.tr\/wp-content\/uploads\/2025\/08\/SOE-2-150x176.png 150w, https:\/\/smartlabs.com.tr\/wp-content\/uploads\/2025\/08\/SOE-2-254x300.png 254w, https:\/\/smartlabs.com.tr\/wp-content\/uploads\/2025\/08\/SOE-2.png 480w\" sizes=\"(max-width: 150px) 100vw, 150px\" \/>\n<h6>OMNI Channel Ads<br><a href=\"https:\/\/adlobi.com\">Adlobi.com<\/a><\/h6>\n<h6>IT Operations<br><a href=\"https:\/\/panelmecra.com\">Panelmecra.com<\/a><\/h6>\n<h3>Welcome to Smartlabs Media Tech<\/h3> <p>Your Future in Media and Interactive Technology<\/p> <p>At <strong>Smartlabs Medya Teknolojileri A\u015e<\/strong>, we are passionate about blending art with cutting-edge technology to redefine the limits of interactive spaces and media infrastructure. From immersive museum exhibits and futuristic digital signage to dynamic stage lighting, sound, and visual systems, we empower creativity with precision and innovation.<\/p> <p>Our mission is to craft tailored technological solutions that enhance both the aesthetic and functional aspects of your projects. Whether you are designing large-scale architectural works or creating intimate interactive spaces, our expert R&amp;D team is dedicated to researching and developing the most advanced media technologies to bring your vision to life.<\/p> <p>From concept to reality, Smartlabs integrates state-of-the-art engineering with futurist designs. We believe in the seamless fusion of technology with architecture, ensuring that our sound, light, and video systems not only perform flawlessly but also inspire awe. Collaborating with businesses and institutions, we transform spaces into interactive, engaging environments where technology and art intersect.<\/p> <p>Let us be your partner in building a future where imagination meets innovation.<\/p>\n<h3>Contact<\/h3> <p>We\u2019re here to help you bring your vision to life with the latest in media technology and interactive solutions. Reach out to us to discuss how we can collaborate on your next project.<\/p> <p><strong>Smartlabs Medya Teknolojileri A\u015e<\/strong><br>Re\u015fitpa\u015fa Mahallesi, Denizbank Sitesi Sokak No: 20<br>Sar\u0131yer, \u0130stanbul, Turkey<\/p> <p><strong>Email:<\/strong> <a rel=\"noopener\">info@smartlabs.com.tr<\/a><br><strong>Phone:<\/strong> +90 212 803 2626<\/p>\n<form id=\"tb_d2b474c-form\" method=\"post\" data-post-id=\"0\" data-element-id=\"d2b474c\" data-orig-id=\"62\" > <label for=\"tb_d2b474c-contact-name\"> Your Name <\/label> <input type=\"text\" name=\"contact-name\" placeholder=\" \" id=\"tb_d2b474c-contact-name\" value=\"\" > Your Name <label for=\"tb_d2b474c-contact-email\"> Your Email <\/label> <input type=\"email\" name=\"contact-email\" placeholder=\" \" id=\"tb_d2b474c-contact-email\" value=\"\" > Your Email <label for=\"tb_d2b474c-contact-subject\"> Subject * <\/label> <input type=\"text\" name=\"contact-subject\" placeholder=\" \" id=\"tb_d2b474c-contact-subject\" value=\"\" required> Subject * <label for=\"tb_d2b474c-contact-message\"> Message <\/label> <textarea name=\"contact-message\" placeholder=\" \" id=\"tb_d2b474c-contact-message\"><\/textarea> Message <button type=\"submit\"> Send <\/button> <\/form>","_links":{"self":[{"href":"https:\/\/smartlabs.com.tr\/index.php\/wp-json\/wp\/v2\/pages\/62","targetHints":{"allow":["GET"]}}],"collection":[{"href":"https:\/\/smartlabs.com.tr\/index.php\/wp-json\/wp\/v2\/pages"}],"about":[{"href":"https:\/\/smartlabs.com.tr\/index.php\/wp-json\/wp\/v2\/types\/page"}],"author":[{"embeddable":true,"href":"https:\/\/smartlabs.com.tr\/index.php\/wp-json\/wp\/v2\/users\/1"}],"replies":[{"embeddable":true,"href":"https:\/\/smartlabs.com.tr\/index.php\/wp-json\/wp\/v2\/comments?post=62"}],"version-history":[{"count":16,"href":"https:\/\/smartlabs.com.tr\/index.php\/wp-json\/wp\/v2\/pages\/62\/revisions"}],"predecessor-version":[{"id":175,"href":"https:\/\/smartlabs.com.tr\/index.php\/wp-json\/wp\/v2\/pages\/62\/revisions\/175"}],"wp:attachment":[{"href":"https:\/\/smartlabs.com.tr\/index.php\/wp-json\/wp\/v2\/media?parent=62"}],"curies":[{"name":"wp","href":"https:\/\/api.w.org\/{rel}","templated":true}]}}